{"id":1047,"date":"2026-02-27T04:22:34","date_gmt":"2026-02-27T04:22:34","guid":{"rendered":"https:\/\/aprestursms.org.ar\/web\/?page_id=1047"},"modified":"2026-02-27T19:03:07","modified_gmt":"2026-02-27T19:03:07","slug":"galeria","status":"publish","type":"page","link":"https:\/\/aprestursms.org.ar\/web\/galeria\/","title":{"rendered":"Galer\u00eda"},"content":{"rendered":"\t\t<div data-elementor-type=\"wp-page\" data-elementor-id=\"1047\" class=\"elementor elementor-1047\">\n\t\t\t\t<div class=\"elementor-element elementor-element-8cf5962 e-con-full e-flex e-con e-parent\" data-id=\"8cf5962\" data-element_type=\"container\">\n\t\t<div class=\"elementor-element elementor-element-de8bcf4 e-con-full e-flex e-con e-child\" data-id=\"de8bcf4\" data-element_type=\"container\" data-settings=\"{&quot;background_background&quot;:&quot;slideshow&quot;,&quot;background_slideshow_gallery&quot;:[{&quot;id&quot;:1136,&quot;url&quot;:&quot;https:\\\/\\\/aprestursms.org.ar\\\/web\\\/wp-content\\\/uploads\\\/2026\\\/02\\\/breadcrumb_sanmarcos.jpg&quot;},{&quot;id&quot;:1080,&quot;url&quot;:&quot;https:\\\/\\\/aprestursms.org.ar\\\/web\\\/wp-content\\\/uploads\\\/2026\\\/02\\\/breadcrumb5.jpg&quot;},{&quot;id&quot;:1079,&quot;url&quot;:&quot;https:\\\/\\\/aprestursms.org.ar\\\/web\\\/wp-content\\\/uploads\\\/2026\\\/02\\\/breadcrumb4.jpg&quot;}],&quot;background_slideshow_loop&quot;:&quot;yes&quot;,&quot;background_slideshow_slide_duration&quot;:5000,&quot;background_slideshow_slide_transition&quot;:&quot;fade&quot;,&quot;background_slideshow_transition_duration&quot;:500}\">\n\t\t\t\t<div class=\"elementor-element elementor-element-7c07f25 elementor-widget elementor-widget-gva-heading-block\" data-id=\"7c07f25\" data-element_type=\"widget\" data-widget_type=\"gva-heading-block.default\">\n\t\t\t\t<div class=\"elementor-widget-container\">\n\t\t\t\t\t<div class=\"gva-element-gva-heading-block gva-element\">   <div class=\"align-center style-1 widget gsc-heading box-align-left auto-responsive\">\r\n      <div class=\"content-inner\">\r\n         \r\n                  \r\n           \r\n         \r\n                     <h2 class=\"title\">\r\n               <span>Nuestra Galer\u00eda<\/span>\r\n            <\/h2>\r\n                  \r\n         \r\n         \r\n      <\/div>\r\n   <\/div>\r\n<\/div>\t\t\t\t<\/div>\n\t\t\t\t<\/div>\n\t\t\t\t<\/div>\n\t\t\t\t<\/div>\n\t\t<div class=\"elementor-element elementor-element-f68220e e-flex e-con-boxed e-con e-parent\" data-id=\"f68220e\" data-element_type=\"container\">\n\t\t\t\t\t<div class=\"e-con-inner\">\n\t\t<div class=\"elementor-element elementor-element-526e883 e-con-full e-flex e-con e-child\" data-id=\"526e883\" data-element_type=\"container\">\n\t\t\t\t<div class=\"elementor-element elementor-element-6a869f9 elementor-widget elementor-widget-gva-gallery\" data-id=\"6a869f9\" data-element_type=\"widget\" data-widget_type=\"gva-gallery.default\">\n\t\t\t\t<div class=\"elementor-widget-container\">\n\t\t\t\t\t<div class=\"gva-element-gva-gallery gva-element\">  \r\n  \t<div class=\"gva-gallery-grid clearfix\">\r\n\t\t<div class=\"gva-content-items\"> \r\n\t\t  \t<div class=\"lg-block-grid-3 md-block-grid-3 sm-block-grid-2 xs-block-grid-2 xx-block-grid-1\">\r\n\t\t\t \t<div class=\"item\">\r\n<div class=\"gallery-item\">\r\n\r\n               <div class=\"image\">\r\n            <img decoding=\"async\" src=\"https:\/\/aprestursms.org.ar\/web\/wp-content\/uploads\/2026\/02\/g1-560x370.jpg\" alt=\"Plaza Principal\" \/>  \r\n         <\/div>\r\n         <a class=\"photo-gallery\" href=\"https:\/\/aprestursms.org.ar\/web\/wp-content\/uploads\/2026\/02\/g1.jpg\" data-elementor-lightbox-slideshow=\"gallery-kwfu\"><\/a>\r\n      \r\n      <div class=\"image-content\">\r\n         <div class=\"content-inner\">\r\n                           <h3 class=\"title\">Plaza Principal<\/h3>\r\n                                       <div class=\"sub-title\">Turismo<\/div>\r\n                     <\/div>   \r\n      <\/div>\r\n\r\n   <\/div>\r\n<\/div><div class=\"item\">\r\n<div class=\"gallery-item\">\r\n\r\n               <div class=\"image\">\r\n            <img decoding=\"async\" src=\"https:\/\/aprestursms.org.ar\/web\/wp-content\/uploads\/2026\/02\/g5-560x370.jpg\" alt=\"Atardecer\" \/>  \r\n         <\/div>\r\n         <a class=\"photo-gallery\" href=\"https:\/\/aprestursms.org.ar\/web\/wp-content\/uploads\/2026\/02\/g5.jpg\" data-elementor-lightbox-slideshow=\"gallery-kwfu\"><\/a>\r\n      \r\n      <div class=\"image-content\">\r\n         <div class=\"content-inner\">\r\n                           <h3 class=\"title\">Atardecer<\/h3>\r\n                                       <div class=\"sub-title\">en San Marcos<\/div>\r\n                     <\/div>   \r\n      <\/div>\r\n\r\n   <\/div>\r\n<\/div><div class=\"item\">\r\n<div class=\"gallery-item\">\r\n\r\n               <div class=\"image\">\r\n            <img decoding=\"async\" src=\"https:\/\/aprestursms.org.ar\/web\/wp-content\/uploads\/2026\/02\/g6-560x370.jpg\" alt=\"La noche\" \/>  \r\n         <\/div>\r\n         <a class=\"photo-gallery\" href=\"https:\/\/aprestursms.org.ar\/web\/wp-content\/uploads\/2026\/02\/g6.jpg\" data-elementor-lightbox-slideshow=\"gallery-kwfu\"><\/a>\r\n      \r\n      <div class=\"image-content\">\r\n         <div class=\"content-inner\">\r\n                           <h3 class=\"title\">La noche<\/h3>\r\n                                       <div class=\"sub-title\">en SMS<\/div>\r\n                     <\/div>   \r\n      <\/div>\r\n\r\n   <\/div>\r\n<\/div><div class=\"item\">\r\n<div class=\"gallery-item\">\r\n\r\n               <div class=\"image\">\r\n            <img decoding=\"async\" src=\"https:\/\/aprestursms.org.ar\/web\/wp-content\/uploads\/2026\/02\/g4-560x370.jpg\" alt=\"Caminos\" \/>  \r\n         <\/div>\r\n         <a class=\"photo-gallery\" href=\"https:\/\/aprestursms.org.ar\/web\/wp-content\/uploads\/2026\/02\/g4.jpg\" data-elementor-lightbox-slideshow=\"gallery-kwfu\"><\/a>\r\n      \r\n      <div class=\"image-content\">\r\n         <div class=\"content-inner\">\r\n                           <h3 class=\"title\">Caminos<\/h3>\r\n                                       <div class=\"sub-title\">en SMS<\/div>\r\n                     <\/div>   \r\n      <\/div>\r\n\r\n   <\/div>\r\n<\/div><div class=\"item\">\r\n<div class=\"gallery-item\">\r\n\r\n               <div class=\"image\">\r\n            <img decoding=\"async\" src=\"https:\/\/aprestursms.org.ar\/web\/wp-content\/uploads\/2026\/02\/g3-560x370.jpg\" alt=\"T\u00faneles\" \/>  \r\n         <\/div>\r\n         <a class=\"photo-gallery\" href=\"https:\/\/aprestursms.org.ar\/web\/wp-content\/uploads\/2026\/02\/g3.jpg\" data-elementor-lightbox-slideshow=\"gallery-kwfu\"><\/a>\r\n      \r\n      <div class=\"image-content\">\r\n         <div class=\"content-inner\">\r\n                           <h3 class=\"title\">T\u00faneles<\/h3>\r\n                                       <div class=\"sub-title\">en SMS<\/div>\r\n                     <\/div>   \r\n      <\/div>\r\n\r\n   <\/div>\r\n<\/div><div class=\"item\">\r\n<div class=\"gallery-item\">\r\n\r\n               <div class=\"image\">\r\n            <img decoding=\"async\" src=\"https:\/\/aprestursms.org.ar\/web\/wp-content\/uploads\/2026\/02\/g2-560x370.jpg\" alt=\"Tango\" \/>  \r\n         <\/div>\r\n         <a class=\"photo-gallery\" href=\"https:\/\/aprestursms.org.ar\/web\/wp-content\/uploads\/2026\/02\/g2.jpg\" data-elementor-lightbox-slideshow=\"gallery-kwfu\"><\/a>\r\n      \r\n      <div class=\"image-content\">\r\n         <div class=\"content-inner\">\r\n                           <h3 class=\"title\">Tango<\/h3>\r\n                                       <div class=\"sub-title\">en SMS<\/div>\r\n                     <\/div>   \r\n      <\/div>\r\n\r\n   <\/div>\r\n<\/div>\t\t  \t<\/div>\r\n\t\t<\/div>\r\n  \t<\/div>\r\n<\/div>\t\t\t\t<\/div>\n\t\t\t\t<\/div>\n\t\t\t\t<\/div>\n\t\t\t\t\t<\/div>\n\t\t\t\t<\/div>\n\t\t<div class=\"elementor-element elementor-element-3b66c6c e-flex e-con-boxed e-con e-parent\" data-id=\"3b66c6c\" data-element_type=\"container\">\n\t\t\t\t\t<div class=\"e-con-inner\">\n\t\t<div class=\"elementor-element elementor-element-0ee03a9 e-flex e-con-boxed e-con e-child\" data-id=\"0ee03a9\" data-element_type=\"container\" data-settings=\"{&quot;background_background&quot;:&quot;classic&quot;}\">\n\t\t\t\t\t<div class=\"e-con-inner\">\n\t\t<div class=\"elementor-element elementor-element-3260ea0 e-con-full e-flex e-con e-child\" data-id=\"3260ea0\" data-element_type=\"container\">\n\t\t\t\t<div class=\"elementor-element elementor-element-1f441a4 elementor-widget elementor-widget-gva-image-content\" data-id=\"1f441a4\" data-element_type=\"widget\" data-widget_type=\"gva-image-content.default\">\n\t\t\t\t<div class=\"elementor-widget-container\">\n\t\t\t\t\t<div class=\"gva-element-gva-image-content gva-element\">\t\t\r\n\t  \r\n\t \r\n\r\n\t \r\n\r\n\r\n\t \r\n  \r\n \r\n\r\n  \r\n\t<div class=\"about-six__single\">\r\n\t\t<div class=\"about-six__wrap\">\r\n\t\t\t<div class=\"about-six__image\"><div class=\"content-inner\"><img decoding=\"async\" src=\"https:\/\/aprestursms.org.ar\/web\/wp-content\/uploads\/2026\/02\/g2.jpg\" title=\"g2\" alt=\"g2\" loading=\"lazy\" \/><\/div><\/div><div class=\"about-six__image-second\"><div class=\"content-inner\"><img decoding=\"async\" src=\"https:\/\/aprestursms.org.ar\/web\/wp-content\/uploads\/2026\/02\/plaza.jpg\" alt=\"\" \/><\/div><\/div>\t <\/div>  \r\n  <\/div>\r\n \r\n\r\n \r\n\r\n\t\t\r\n\t\r\n\t<\/div>\t\t\t\t<\/div>\n\t\t\t\t<\/div>\n\t\t\t\t<\/div>\n\t\t<div class=\"elementor-element elementor-element-5cc6cae e-con-full e-flex e-con e-child\" data-id=\"5cc6cae\" data-element_type=\"container\">\n\t\t\t\t<div class=\"elementor-element elementor-element-429f8c0 elementor-widget elementor-widget-gva-heading-block\" data-id=\"429f8c0\" data-element_type=\"widget\" data-widget_type=\"gva-heading-block.default\">\n\t\t\t\t<div class=\"elementor-widget-container\">\n\t\t\t\t\t<div class=\"gva-element-gva-heading-block gva-element\">   <div class=\"align-left style-4 widget gsc-heading box-align-left auto-responsive\">\r\n      <div class=\"content-inner\">\r\n         \r\n                  \r\n         <div class=\"sub-title\"><span class=\"tagline\">San Marcos Sierras<\/span><\/div>  \r\n         \r\n                     <h2 class=\"title\">\r\n               <span>Tus pr\u00f3ximas vacaciones<\/span>\r\n            <\/h2>\r\n                  \r\n         \r\n         \r\n      <\/div>\r\n   <\/div>\r\n<\/div>\t\t\t\t<\/div>\n\t\t\t\t<\/div>\n\t\t\t\t<div class=\"elementor-element elementor-element-283f1e6 elementor-widget elementor-widget-html\" data-id=\"283f1e6\" data-element_type=\"widget\" data-widget_type=\"html.default\">\n\t\t\t\t\t<a class=\"btn-black\" href=\"#\">Conoc\u00e9 a nuestros socios<\/a>\t\t\t\t<\/div>\n\t\t\t\t<\/div>\n\t\t\t\t\t<\/div>\n\t\t\t\t<\/div>\n\t\t\t\t\t<\/div>\n\t\t\t\t<\/div>\n\t\t\t\t<\/div>\n\t\t","protected":false},"excerpt":{"rendered":"<p>Nuestra Galer\u00eda Plaza Principal Turismo Atardecer en San Marcos La noche en SMS Caminos en SMS T\u00faneles en SMS Tango en SMS San Marcos Sierras Tus pr\u00f3ximas vacaciones Conoc\u00e9 a [&hellip;]<\/p>\n","protected":false},"author":3,"featured_media":0,"parent":0,"menu_order":0,"comment_status":"closed","ping_status":"closed","template":"","meta":{"footnotes":""},"class_list":["post-1047","page","type-page","status-publish","hentry"],"_links":{"self":[{"href":"https:\/\/aprestursms.org.ar\/web\/wp-json\/wp\/v2\/pages\/1047","targetHints":{"allow":["GET"]}}],"collection":[{"href":"https:\/\/aprestursms.org.ar\/web\/wp-json\/wp\/v2\/pages"}],"about":[{"href":"https:\/\/aprestursms.org.ar\/web\/wp-json\/wp\/v2\/types\/page"}],"author":[{"embeddable":true,"href":"https:\/\/aprestursms.org.ar\/web\/wp-json\/wp\/v2\/users\/3"}],"replies":[{"embeddable":true,"href":"https:\/\/aprestursms.org.ar\/web\/wp-json\/wp\/v2\/comments?post=1047"}],"version-history":[{"count":10,"href":"https:\/\/aprestursms.org.ar\/web\/wp-json\/wp\/v2\/pages\/1047\/revisions"}],"predecessor-version":[{"id":1180,"href":"https:\/\/aprestursms.org.ar\/web\/wp-json\/wp\/v2\/pages\/1047\/revisions\/1180"}],"wp:attachment":[{"href":"https:\/\/aprestursms.org.ar\/web\/wp-json\/wp\/v2\/media?parent=1047"}],"curies":[{"name":"wp","href":"https:\/\/api.w.org\/{rel}","templated":true}]}}